{"id":15,"date":"2024-12-26T16:08:13","date_gmt":"2024-12-26T16:08:13","guid":{"rendered":"https:\/\/jacekspisak.pl\/?page_id=15"},"modified":"2025-10-31T23:42:58","modified_gmt":"2025-10-31T23:42:58","slug":"kontakt","status":"publish","type":"page","link":"https:\/\/jacekspisak.pl\/index.php\/kontakt\/","title":{"rendered":"O mnie"},"content":{"rendered":"\n<p class=\"has-text-align-center\">Jeszcze studiuj\u0105c na krakowskiej AGH rozpocz\u0105\u0142em w\u0142asn\u0105 dzia\u0142alno\u015b\u0107 gospodarcz\u0105 \u2013 zajmowa\u0142em si\u0119 projektowaniem i produkcj\u0105 cz\u0119\u015bci do samochod\u00f3w rajdowych oraz motocykli. Nast\u0119pnie know \u2013 how, projekty oraz maszyny sprzeda\u0142em z sukcesem swojemu klientowi, kt\u00f3ry produkcj\u0119 kontynuuje do dzi\u015b.<\/p>\n\n\n\n<p class=\"has-text-align-center\">Moje do\u015bwiadczenie w budowie i dostarczaniu rozwi\u0105za\u0144 in\u017cynierskich si\u0119ga roku 2017. Zacz\u0105\u0142em wtedy swoj\u0105 przygod\u0119 od stanowiska In\u017cyniera system\u00f3w CAE \/ In\u017cyniera sprzeda\u017cy, kt\u00f3re pozwoli\u0142o mi zar\u00f3wno na rozw\u00f3j umiej\u0119tno\u015bci technicznych, jak i handlowych. P\u00f3\u017aniejsze do\u015bwiadczenia otwar\u0142y mi drog\u0119 do obj\u0119cia zespo\u0142u in\u017cynier\u00f3w i sprzedawc\u00f3w, kt\u00f3ry prowadz\u0119 do dzi\u015b. Na co dzie\u0144 dostarczamy rozwi\u0105zania pomiarowe oraz us\u0142ugi in\u017cynierskie do takich bran\u017c jak: motoryzacja, lotnictwo, przemys\u0142 kosmiczny, przemys\u0142 zbrojeniowy, a tak\u017ce do wielu instytut\u00f3w badawczych i uczelni wy\u017cszych.<\/p>\n\n\n\n<p class=\"has-text-align-center\">Prywatnie interesuj\u0119 si\u0119 psychologi\u0105, motoryzacj\u0105, mam wspania\u0142\u0105 \u017con\u0119 i <s>dw\u00f3jk\u0119<\/s> tr\u00f3jk\u0119 jeszcze wspanialszych dzieci<\/p>\n\n\n\n<p class=\"has-text-align-center\">Je\u015bli jeste\u015b zainteresowany kontaktem ze mn\u0105, napisz na adres: <a href=\"mailto:jacek@jacekspisak.pl\">jacek@jacekspisak.pl<\/a><\/p>\n\n\n\n<p class=\"has-text-align-center\">Mo\u017cesz mnie te\u017c znale\u017a\u0107 na Linkedin pod adresem: <a href=\"https:\/\/www.linkedin.com\/in\/jacek-spisak\">https:\/\/www.linkedin.com\/in\/jacek-spisak<\/a><\/p>\n","protected":false},"excerpt":{"rendered":"<p>Jeszcze studiuj\u0105c na krakowskiej AGH rozpocz\u0105\u0142em w\u0142asn\u0105 dzia\u0142alno\u015b\u0107 gospodarcz\u0105 \u2013 zajmowa\u0142em si\u0119 projektowaniem i produkcj\u0105 cz\u0119\u015bci do samochod\u00f3w rajdowych oraz motocykli. Nast\u0119pnie know \u2013 how, projekty oraz maszyny sprzeda\u0142em z sukcesem swojemu klientowi, kt\u00f3ry produkcj\u0119 kontynuuje do dzi\u015b. Moje do\u015bwiadczenie w budowie i dostarczaniu rozwi\u0105za\u0144 in\u017cynierskich si\u0119ga roku 2017. Zacz\u0105\u0142em wtedy swoj\u0105 przygod\u0119 od stanowiska [&hellip;]<\/p>\n","protected":false},"author":1,"featured_media":0,"parent":0,"menu_order":0,"comment_status":"closed","ping_status":"closed","template":"","meta":{"footnotes":""},"class_list":["post-15","page","type-page","status-publish","hentry"],"_links":{"self":[{"href":"https:\/\/jacekspisak.pl\/index.php\/wp-json\/wp\/v2\/pages\/15","targetHints":{"allow":["GET"]}}],"collection":[{"href":"https:\/\/jacekspisak.pl\/index.php\/wp-json\/wp\/v2\/pages"}],"about":[{"href":"https:\/\/jacekspisak.pl\/index.php\/wp-json\/wp\/v2\/types\/page"}],"author":[{"embeddable":true,"href":"https:\/\/jacekspisak.pl\/index.php\/wp-json\/wp\/v2\/users\/1"}],"replies":[{"embeddable":true,"href":"https:\/\/jacekspisak.pl\/index.php\/wp-json\/wp\/v2\/comments?post=15"}],"version-history":[{"count":4,"href":"https:\/\/jacekspisak.pl\/index.php\/wp-json\/wp\/v2\/pages\/15\/revisions"}],"predecessor-version":[{"id":49,"href":"https:\/\/jacekspisak.pl\/index.php\/wp-json\/wp\/v2\/pages\/15\/revisions\/49"}],"wp:attachment":[{"href":"https:\/\/jacekspisak.pl\/index.php\/wp-json\/wp\/v2\/media?parent=15"}],"curies":[{"name":"wp","href":"https:\/\/api.w.org\/{rel}","templated":true}]}}